{"id":3383,"date":"2023-03-14T15:36:17","date_gmt":"2023-03-14T14:36:17","guid":{"rendered":"https:\/\/benlevy.fr\/about-me\/"},"modified":"2023-08-11T19:29:57","modified_gmt":"2023-08-11T18:29:57","slug":"about-me","status":"publish","type":"page","link":"https:\/\/benlevy.fr\/fr\/about-me\/","title":{"rendered":"About me"},"content":{"rendered":"\t\t<div data-elementor-type=\"wp-page\" data-elementor-id=\"3383\" class=\"elementor elementor-3383 elementor-44\" data-elementor-settings=\"{&quot;element_pack_global_tooltip_width&quot;:{&quot;unit&quot;:&quot;px&quot;,&quot;size&quot;:&quot;&quot;,&quot;sizes&quot;:[]},&quot;element_pack_global_tooltip_width_tablet&quot;:{&quot;unit&quot;:&quot;px&quot;,&quot;size&quot;:&quot;&quot;,&quot;sizes&quot;:[]},&quot;element_pack_global_tooltip_width_mobile&quot;:{&quot;unit&quot;:&quot;px&quot;,&quot;size&quot;:&quot;&quot;,&quot;sizes&quot;:[]},&quot;element_pack_global_tooltip_padding&quot;:{&quot;unit&quot;:&quot;px&quot;,&quot;top&quot;:&quot;&quot;,&quot;right&quot;:&quot;&quot;,&quot;bottom&quot;:&quot;&quot;,&quot;left&quot;:&quot;&quot;,&quot;isLinked&quot;:true},&quot;element_pack_global_tooltip_padding_tablet&quot;:{&quot;unit&quot;:&quot;px&quot;,&quot;top&quot;:&quot;&quot;,&quot;right&quot;:&quot;&quot;,&quot;bottom&quot;:&quot;&quot;,&quot;left&quot;:&quot;&quot;,&quot;isLinked&quot;:true},&quot;element_pack_global_tooltip_padding_mobile&quot;:{&quot;unit&quot;:&quot;px&quot;,&quot;top&quot;:&quot;&quot;,&quot;right&quot;:&quot;&quot;,&quot;bottom&quot;:&quot;&quot;,&quot;left&quot;:&quot;&quot;,&quot;isLinked&quot;:true},&quot;element_pack_global_tooltip_border_radius&quot;:{&quot;unit&quot;:&quot;px&quot;,&quot;top&quot;:&quot;&quot;,&quot;right&quot;:&quot;&quot;,&quot;bottom&quot;:&quot;&quot;,&quot;left&quot;:&quot;&quot;,&quot;isLinked&quot;:true},&quot;element_pack_global_tooltip_border_radius_tablet&quot;:{&quot;unit&quot;:&quot;px&quot;,&quot;top&quot;:&quot;&quot;,&quot;right&quot;:&quot;&quot;,&quot;bottom&quot;:&quot;&quot;,&quot;left&quot;:&quot;&quot;,&quot;isLinked&quot;:true},&quot;element_pack_global_tooltip_border_radius_mobile&quot;:{&quot;unit&quot;:&quot;px&quot;,&quot;top&quot;:&quot;&quot;,&quot;right&quot;:&quot;&quot;,&quot;bottom&quot;:&quot;&quot;,&quot;left&quot;:&quot;&quot;,&quot;isLinked&quot;:true}}\" data-elementor-post-type=\"page\">\n\t\t\t\t\t\t<section class=\"elementor-section elementor-top-section elementor-element elementor-element-569c154 elementor-section-boxed elementor-section-height-default elementor-section-height-default\" data-id=\"569c154\" data-element_type=\"section\" data-e-type=\"section\">\n\t\t\t\t\t\t<div class=\"elementor-container elementor-column-gap-default\">\n\t\t\t\t\t<div class=\"elementor-column elementor-col-100 elementor-top-column elementor-element elementor-element-8558c85\" data-id=\"8558c85\" data-element_type=\"column\" data-e-type=\"column\">\n\t\t\t<div class=\"elementor-widget-wrap elementor-element-populated\">\n\t\t\t\t\t\t<div class=\"elementor-element elementor-element-5fedbd2 elementor-widget elementor-widget-spacer\" data-id=\"5fedbd2\" data-element_type=\"widget\" data-e-type=\"widget\" data-widget_type=\"spacer.default\">\n\t\t\t\t\t\t\t<div class=\"elementor-spacer\">\n\t\t\t<div class=\"elementor-spacer-inner\"><\/div>\n\t\t<\/div>\n\t\t\t\t\t\t<\/div>\n\t\t\t\t<div class=\"elementor-element elementor-element-3d0b10e elementor-widget elementor-widget-bdt-advanced-heading\" data-id=\"3d0b10e\" data-element_type=\"widget\" data-e-type=\"widget\" data-widget_type=\"bdt-advanced-heading.default\">\n\t\t\t\t\t<div id =\"3d0b10e\" class=\"bdt-ep-advanced-heading\" data-settings=\"{&quot;titleMultiColor&quot;:&quot;no&quot;}\"><div class=\"bdt-ep-advanced-heading-content bdt-visible@m\"><div class=\"bdt-transform-origin-top-left\">BEN LEVY<\/div><\/div>\t\t\t<div class=\"bdt-ep-advanced-heading-sub-title\">\n\t\t\t\t<div class=\"bdt-ep-advanced-heading-sub-title-content\">\n\t\t\t\t\t\t\t\t\t\t\u00e0 propos de\t\t\t\t\t\t\t\t\t<\/div>\n\t\t\t\t\t\t\t<\/div>\n\t\t\t<h1 class=\"bdt-ep-advanced-heading-title\"><span class=\"bdt-ep-advanced-heading-main-title\"><span class=\"bdt-ep-advanced-heading-main-title-inner\">Ben Levy<\/span><\/span><\/h1><\/div>\t\t\t\t<\/div>\n\t\t\t\t<section class=\"elementor-section elementor-inner-section elementor-element elementor-element-ff195e7 elementor-section-boxed elementor-section-height-default elementor-section-height-default\" data-id=\"ff195e7\" data-element_type=\"section\" data-e-type=\"section\">\n\t\t\t\t\t\t<div class=\"elementor-container elementor-column-gap-default\">\n\t\t\t\t\t<div class=\"elementor-column elementor-col-50 elementor-inner-column elementor-element elementor-element-3d363e6\" data-id=\"3d363e6\" data-element_type=\"column\" data-e-type=\"column\">\n\t\t\t<div class=\"elementor-widget-wrap elementor-element-populated\">\n\t\t\t\t\t\t<div class=\"elementor-element elementor-element-6ddda6d elementor-widget elementor-widget-text-editor\" data-id=\"6ddda6d\" data-element_type=\"widget\" data-e-type=\"widget\" data-widget_type=\"text-editor.default\">\n\t\t\t\t\t\t\t\t\t<div class=\"flex flex-grow flex-col gap-3\"><div class=\"min-h-[20px] flex flex-col items-start gap-4 whitespace-pre-wrap\"><div class=\"markdown prose w-full break-words dark:prose-invert dark\"><div class=\"flex flex-grow flex-col gap-3\"><div class=\"min-h-[20px] flex flex-col items-start gap-4 whitespace-pre-wrap\"><div class=\"markdown prose w-full break-words dark:prose-invert dark\"><div class=\"flex flex-grow flex-col gap-3\"><div class=\"min-h-[20px] flex flex-col items-start gap-3 overflow-x-auto whitespace-pre-wrap break-words\"><div class=\"markdown prose w-full break-words dark:prose-invert light\"><p>Ben Levy est un photographe fran\u00e7ais sp\u00e9cialis\u00e9 dans la photographie de mariage. Ses portraits \u00e9poustouflants et sa capacit\u00e9 \u00e0 capturer la lumi\u00e8re de mani\u00e8re remarquable le distinguent des autres photographes de l&rsquo;industrie. Avec son approche personnelle de la photographie, il croit que la cl\u00e9 pour capturer le moment parfait est de mettre ses clients \u00e0 l&rsquo;aise et de les laisser \u00eatre naturels devant l&rsquo;appareil photo. Sa devise \u00ab\u00a0Soyez vous-m\u00eame, je m&rsquo;occupe de tout\u00a0\u00bb montre son d\u00e9vouement envers les besoins de ses clients.<\/p><p>L&rsquo;amour de Ben pour la cin\u00e9matographie et le cin\u00e9ma se refl\u00e8te dans sa photographie, et il adopte une approche cin\u00e9matographique dans son travail, souvent inspir\u00e9e par le style cin\u00e9matographique. Cette approche lui permet de capturer l&rsquo;essence de chaque journ\u00e9e de mariage, en en faisant une histoire qui peut \u00eatre rev\u00e9cue maintes et maintes fois \u00e0 travers les photographies. Que ce soit un mariage juif, chr\u00e9tien ou la\u00efque, l&rsquo;approche cin\u00e9matographique de Ben s&rsquo;adapte \u00e0 chaque couple individuel et \u00e0 leurs besoins uniques.<\/p><\/div><\/div><\/div><\/div><\/div><\/div><\/div><\/div><\/div>\t\t\t\t\t\t\t\t<\/div>\n\t\t\t\t<div class=\"elementor-element elementor-element-3cb3244 elementor-widget elementor-widget-image\" data-id=\"3cb3244\" data-element_type=\"widget\" data-e-type=\"widget\" data-widget_type=\"image.default\">\n\t\t\t\t\t\t\t\t\t\t\t\t\t\t\t<img fetchpriority=\"high\" decoding=\"async\" width=\"600\" height=\"400\" src=\"https:\/\/benlevy.fr\/wp-content\/uploads\/benlevy-about-me.webp\" class=\"attachment-large size-large wp-image-1253\" alt=\"\" \/>\t\t\t\t\t\t\t\t\t\t\t\t\t\t\t<\/div>\n\t\t\t\t<div class=\"elementor-element elementor-element-f13bfa4 elementor-widget elementor-widget-spacer\" data-id=\"f13bfa4\" data-element_type=\"widget\" data-e-type=\"widget\" data-widget_type=\"spacer.default\">\n\t\t\t\t\t\t\t<div class=\"elementor-spacer\">\n\t\t\t<div class=\"elementor-spacer-inner\"><\/div>\n\t\t<\/div>\n\t\t\t\t\t\t<\/div>\n\t\t\t\t<div class=\"elementor-element elementor-element-336878a elementor-widget elementor-widget-heading\" data-id=\"336878a\" data-element_type=\"widget\" data-e-type=\"widget\" data-widget_type=\"heading.default\">\n\t\t\t\t\t<h2 class=\"elementor-heading-title elementor-size-default\">pourquoi Ben Levy<\/h2>\t\t\t\t<\/div>\n\t\t\t\t<div class=\"elementor-element elementor-element-4644d8a elementor-widget elementor-widget-text-editor\" data-id=\"4644d8a\" data-element_type=\"widget\" data-e-type=\"widget\" data-widget_type=\"text-editor.default\">\n\t\t\t\t\t\t\t\t\t<p>Au-del\u00e0 du jour du mariage, la passion de Ben pour la photographie perdure car il croit que cr\u00e9er un magnifique album de mariage est tout aussi important que capturer les moments le jour m\u00eame. Il prend le temps de s\u00e9lectionner soigneusement les meilleures photos et les pr\u00e9sente d&rsquo;une mani\u00e8re qui raconte l&rsquo;histoire de la journ\u00e9e sp\u00e9ciale du couple. Son souci du d\u00e9tail garantit que chaque album est une v\u00e9ritable \u0153uvre d&rsquo;art qui sera ch\u00e9rie pendant des ann\u00e9es \u00e0 venir.<\/p><p>Si vous recherchez un photographe de mariage exp\u00e9riment\u00e9, talentueux et passionn\u00e9, Ben est celui qu&rsquo;il vous faut. Son approche cin\u00e9matographique, sa capacit\u00e9 \u00e0 capturer des moments uniques et sa touche personnelle le distinguent des autres. Que vous ayez un mariage juif, chr\u00e9tien ou la\u00efque, Ben travaillera en \u00e9troite collaboration avec vous pour s&rsquo;assurer que votre journ\u00e9e sp\u00e9ciale soit captur\u00e9e de la mani\u00e8re la plus belle et authentique possible.<\/p>\t\t\t\t\t\t\t\t<\/div>\n\t\t\t\t\t<\/div>\n\t\t<\/div>\n\t\t\t\t<div class=\"elementor-column elementor-col-50 elementor-inner-column elementor-element elementor-element-ebf0cf1\" data-id=\"ebf0cf1\" data-element_type=\"column\" data-e-type=\"column\">\n\t\t\t<div class=\"elementor-widget-wrap elementor-element-populated\">\n\t\t\t\t\t\t<div class=\"elementor-element elementor-element-ea54411 elementor-widget elementor-widget-image\" data-id=\"ea54411\" data-element_type=\"widget\" data-e-type=\"widget\" data-widget_type=\"image.default\">\n\t\t\t\t\t\t\t\t\t\t\t\t\t\t\t<img decoding=\"async\" width=\"500\" height=\"333\" src=\"https:\/\/benlevy.fr\/wp-content\/uploads\/ben-levy-photography.webp\" class=\"attachment-large size-large wp-image-1171\" alt=\"Wedding photographer About me\" \/>\t\t\t\t\t\t\t\t\t\t\t\t\t\t\t<\/div>\n\t\t\t\t<div class=\"elementor-element elementor-element-a653588 elementor-widget elementor-widget-spacer\" data-id=\"a653588\" data-element_type=\"widget\" data-e-type=\"widget\" data-widget_type=\"spacer.default\">\n\t\t\t\t\t\t\t<div class=\"elementor-spacer\">\n\t\t\t<div class=\"elementor-spacer-inner\"><\/div>\n\t\t<\/div>\n\t\t\t\t\t\t<\/div>\n\t\t\t\t<div class=\"elementor-element elementor-element-2e89755 elementor-widget elementor-widget-heading\" data-id=\"2e89755\" data-element_type=\"widget\" data-e-type=\"widget\" data-widget_type=\"heading.default\">\n\t\t\t\t\t<h2 class=\"elementor-heading-title elementor-size-default\">a propos de Ben Levy<\/h2>\t\t\t\t<\/div>\n\t\t\t\t<div class=\"elementor-element elementor-element-37231b2 elementor-widget elementor-widget-text-editor\" data-id=\"37231b2\" data-element_type=\"widget\" data-e-type=\"widget\" data-widget_type=\"text-editor.default\">\n\t\t\t\t\t\t\t\t\t<p>L&rsquo;exp\u00e9rience de Ben dans la capture des moments uniques des mariages juifs est l&rsquo;une des choses qui le distingue des autres photographes. Ayant beaucoup voyag\u00e9 et travaill\u00e9 avec de nombreux couples juifs de diff\u00e9rentes parties du monde, Ben comprend la signification culturelle et religieuse de ces mariages et collabore \u00e9troitement avec le couple pour s&rsquo;assurer que leur journ\u00e9e sp\u00e9ciale soit captur\u00e9e de la mani\u00e8re la plus belle et authentique possible. Il poss\u00e8de \u00e9galement de l&rsquo;exp\u00e9rience dans la photographie de mariages chr\u00e9tiens et la\u00efques, adaptant son approche aux besoins uniques de chaque couple.<\/p><p>L&rsquo;amour de Ben pour les voyages l&rsquo;a emmen\u00e9 dans de nombreux pays diff\u00e9rents, o\u00f9 il a captur\u00e9 des mariages dans divers environnements. Des rues pittoresques d&rsquo;Italie aux plages de sable de la Tha\u00eflande, il a tout v\u00e9cu. Il est capable d&rsquo;incorporer la beaut\u00e9 et l&rsquo;unicit\u00e9 de chaque lieu dans ses photographies, rendant chaque album de mariage aussi unique et sp\u00e9cial que le couple lui-m\u00eame.<\/p>\t\t\t\t\t\t\t\t<\/div>\n\t\t\t\t<div class=\"elementor-element elementor-element-fd3edc8 elementor-widget elementor-widget-spacer\" data-id=\"fd3edc8\" data-element_type=\"widget\" data-e-type=\"widget\" data-widget_type=\"spacer.default\">\n\t\t\t\t\t\t\t<div class=\"elementor-spacer\">\n\t\t\t<div class=\"elementor-spacer-inner\"><\/div>\n\t\t<\/div>\n\t\t\t\t\t\t<\/div>\n\t\t\t\t<div class=\"elementor-element elementor-element-81458ff elementor-widget elementor-widget-image\" data-id=\"81458ff\" data-element_type=\"widget\" data-e-type=\"widget\" data-widget_type=\"image.default\">\n\t\t\t\t\t\t\t\t\t\t\t\t\t\t\t<img decoding=\"async\" width=\"600\" height=\"400\" src=\"https:\/\/benlevy.fr\/wp-content\/uploads\/about-me-benlevy.webp\" class=\"attachment-large size-large wp-image-1252\" alt=\"\" \/>\t\t\t\t\t\t\t\t\t\t\t\t\t\t\t<\/div>\n\t\t\t\t\t<\/div>\n\t\t<\/div>\n\t\t\t\t\t<\/div>\n\t\t<\/section>\n\t\t\t\t<div class=\"elementor-element elementor-element-6015356 elementor-widget elementor-widget-spacer\" data-id=\"6015356\" data-element_type=\"widget\" data-e-type=\"widget\" data-widget_type=\"spacer.default\">\n\t\t\t\t\t\t\t<div class=\"elementor-spacer\">\n\t\t\t<div class=\"elementor-spacer-inner\"><\/div>\n\t\t<\/div>\n\t\t\t\t\t\t<\/div>\n\t\t\t\t<section class=\"elementor-section elementor-inner-section elementor-element elementor-element-631a965 elementor-section-full_width elementor-section-height-default elementor-section-height-default\" data-id=\"631a965\" data-element_type=\"section\" data-e-type=\"section\">\n\t\t\t\t\t\t<div class=\"elementor-container elementor-column-gap-default\">\n\t\t\t\t\t<div class=\"elementor-column elementor-col-100 elementor-inner-column elementor-element elementor-element-6459e3e\" data-id=\"6459e3e\" data-element_type=\"column\" data-e-type=\"column\">\n\t\t\t<div class=\"elementor-widget-wrap elementor-element-populated\">\n\t\t\t\t\t\t<div class=\"elementor-element elementor-element-85a4828 elementor-widget__width-initial elementor-widget elementor-widget-image\" data-id=\"85a4828\" data-element_type=\"widget\" data-e-type=\"widget\" data-widget_type=\"image.default\">\n\t\t\t\t\t\t\t\t\t\t\t\t\t\t\t<img loading=\"lazy\" decoding=\"async\" width=\"800\" height=\"533\" src=\"https:\/\/benlevy.fr\/wp-content\/uploads\/Underwater-benlevy.webp\" class=\"attachment-large size-large wp-image-1230\" alt=\"about me benlevy\" srcset=\"https:\/\/benlevy.fr\/wp-content\/uploads\/Underwater-benlevy.webp 800w, https:\/\/benlevy.fr\/wp-content\/uploads\/Underwater-benlevy-768x512.webp 768w\" sizes=\"(max-width: 800px) 100vw, 800px\" \/>\t\t\t\t\t\t\t\t\t\t\t\t\t\t\t<\/div>\n\t\t\t\t\t<\/div>\n\t\t<\/div>\n\t\t\t\t\t<\/div>\n\t\t<\/section>\n\t\t\t\t<div class=\"elementor-element elementor-element-8e847b9 elementor-widget elementor-widget-spacer\" data-id=\"8e847b9\" data-element_type=\"widget\" data-e-type=\"widget\" data-widget_type=\"spacer.default\">\n\t\t\t\t\t\t\t<div class=\"elementor-spacer\">\n\t\t\t<div class=\"elementor-spacer-inner\"><\/div>\n\t\t<\/div>\n\t\t\t\t\t\t<\/div>\n\t\t\t\t\t<\/div>\n\t\t<\/div>\n\t\t\t\t\t<\/div>\n\t\t<\/section>\n\t\t\t\t<\/div>\n\t\t","protected":false},"excerpt":{"rendered":"<p>BEN LEVY\u00e0 propos de Ben Levy Ben Levy est un photographe fran\u00e7ais sp\u00e9cialis\u00e9 dans la photographie de mariage. Ses portraits \u00e9poustouflants et sa capacit\u00e9 \u00e0 capturer la lumi\u00e8re de mani\u00e8re remarquable le distinguent des autres photographes de l&rsquo;industrie. Avec son approche personnelle de la photographie, il croit que la cl\u00e9 pour capturer le moment parfait [&hellip;]<\/p>\n","protected":false},"author":2,"featured_media":0,"parent":0,"menu_order":0,"comment_status":"closed","ping_status":"closed","template":"","meta":{"footnotes":""},"class_list":["post-3383","page","type-page","status-publish","hentry"],"_links":{"self":[{"href":"https:\/\/benlevy.fr\/fr\/wp-json\/wp\/v2\/pages\/3383","targetHints":{"allow":["GET"]}}],"collection":[{"href":"https:\/\/benlevy.fr\/fr\/wp-json\/wp\/v2\/pages"}],"about":[{"href":"https:\/\/benlevy.fr\/fr\/wp-json\/wp\/v2\/types\/page"}],"author":[{"embeddable":true,"href":"https:\/\/benlevy.fr\/fr\/wp-json\/wp\/v2\/users\/2"}],"replies":[{"embeddable":true,"href":"https:\/\/benlevy.fr\/fr\/wp-json\/wp\/v2\/comments?post=3383"}],"version-history":[{"count":0,"href":"https:\/\/benlevy.fr\/fr\/wp-json\/wp\/v2\/pages\/3383\/revisions"}],"wp:attachment":[{"href":"https:\/\/benlevy.fr\/fr\/wp-json\/wp\/v2\/media?parent=3383"}],"curies":[{"name":"wp","href":"https:\/\/api.w.org\/{rel}","templated":true}]}}